{"id":1490,"date":"2022-04-22T05:18:24","date_gmt":"2022-04-22T03:18:24","guid":{"rendered":"https:\/\/herbebleue.com\/?page_id=1490"},"modified":"2025-02-11T23:33:38","modified_gmt":"2025-02-11T22:33:38","slug":"infos_participants2023","status":"publish","type":"page","link":"https:\/\/herbebleue.com\/en\/admin25\/infos_participants2023\/","title":{"rendered":"Some informations ..."},"content":{"rendered":"\n[et_pb_section admin_label=\u00a0\u00bbsection\u00a0\u00bb]\n\t\t\t[et_pb_row admin_label=\u00a0\u00bbrow\u00a0\u00bb]\n\t\t\t\t[et_pb_column type=\u00a0\u00bb4_4&Prime;][et_pb_text admin_label=\u00a0\u00bbText\u00a0\u00bb]<!-- divi:buttons {\"layout\":{\"type\":\"flex\",\"justifyContent\":\"center\"}} -->\n<div class=\"wp-block-buttons\"><!-- divi:button \/--><\/div>\n<!-- \/divi:buttons -->\n\n<!-- divi:jetpack\/layout-grid {\"column1DesktopSpan\":12,\"column1TabletSpan\":8,\"column1MobileSpan\":4,\"className\":\"column1-desktop-grid__span-12 column1-desktop-grid__row-1 column1-tablet-grid__span-8 column1-tablet-grid__row-1 column1-mobile-grid__span-4 column1-mobile-grid__row-1\"} -->\n<div class=\"wp-block-jetpack-layout-grid column1-desktop-grid__span-12 column1-desktop-grid__row-1 column1-tablet-grid__span-8 column1-tablet-grid__row-1 column1-mobile-grid__span-4 column1-mobile-grid__row-1\"><!-- divi:jetpack\/layout-grid-column -->\n<div class=\"wp-block-jetpack-layout-grid-column wp-block-jetpack-layout-grid__padding-none\"><!-- divi:paragraph {\"dropCap\":true} -->\n<p class=\"has-drop-cap\"><strong>Herbe Bleue<\/strong> est heureux de vous accueillir cet \u00e9t\u00e9 et se plie en 4 pour r\u00e9pondre au mieux \u00e0 vos besoins, vos envies &#8230; On a besoin de vous conna\u00eetre pour vos DUE, conventions, pour la DRAC, SACEM et autres, donc merci de remplir le questionnaire ci-dessous au plus t\u00f4t \ud83d\ude09 .<\/p>\n<!-- \/divi:paragraph -->\n\n<!-- divi:paragraph {\"dropCap\":true} -->\n<p class=\"has-drop-cap\">Pour venir \u00e0 la Cour du Li\u00e8ge, lieu historique de <strong>Herbe Bleue<\/strong>, <a rel=\"noreferrer noopener\" href=\"https:\/\/herbebleue.com\/ou\/acces\/\" target=\"_blank\">suivez-le guide<\/a> et pour visiter les parages ou aller faire des courses, quelques infos <a rel=\"noreferrer noopener\" href=\"https:\/\/lacourduliege.com\/ballades\/\" target=\"_blank\">ici<\/a><\/p>\n<!-- \/divi:paragraph -->\n\n<!-- divi:table -->\n<figure class=\"wp-block-table\"><table><tbody><tr><td><img data-recalc-dims=\"1\" height=\"767\" width=\"1024\" decoding=\"async\" src=\"https:\/\/i0.wp.com\/herbebleue.com\/wp-content\/uploads\/2023\/02\/2397023.jpg?resize=1024%2C767&#038;ssl=1\" alt=\"\"><\/td><td><img data-recalc-dims=\"1\" height=\"684\" width=\"1024\" decoding=\"async\" src=\"https:\/\/i0.wp.com\/herbebleue.com\/wp-content\/uploads\/2023\/02\/AdobeStock_298027786.jpeg?resize=1024%2C684&#038;ssl=1\" alt=\"\"><\/td><\/tr><\/tbody><\/table><\/figure>\n<!-- \/divi:table -->\n\n<!-- divi:paragraph {\"dropCap\":true} -->\n<p class=\"has-drop-cap\">Les groupes devront nous transmettre leur <strong>fiche technique<\/strong> et leur <strong>playlist<\/strong> (titre, nom de l&rsquo;auteur, reprise, cr\u00e9ation originale &#8230;.)  AVANT leur arriv\u00e9e, par <a href=\"programmation@herbebleue.com\">e-mail ici<\/a><\/p>\n<!-- \/divi:paragraph -->\n\n<!-- divi:table -->\n<figure class=\"wp-block-table\"><table><tbody><tr><td><img data-recalc-dims=\"1\" height=\"683\" width=\"1024\" decoding=\"async\" src=\"https:\/\/i0.wp.com\/herbebleue.com\/wp-content\/uploads\/2023\/02\/2526099.jpg?resize=1024%2C683&#038;ssl=1\" alt=\"\"><\/td><td><img data-recalc-dims=\"1\" height=\"683\" width=\"1024\" decoding=\"async\" src=\"https:\/\/i0.wp.com\/herbebleue.com\/wp-content\/uploads\/2023\/02\/2526048.jpg?resize=1024%2C683&#038;ssl=1\" alt=\"\"><\/td><\/tr><\/tbody><\/table><\/figure>\n<!-- \/divi:table -->\n\n<!-- divi:paragraph {\"dropCap\":true} -->\n<p class=\"has-drop-cap\">Les <strong>musiciens et intervenants<\/strong> sont log\u00e9s-nourris sur place le jour de leur concert \/ atelier.  Un espace catering vous sera r\u00e9serv\u00e9 (<em>sur pr\u00e9sentation d&rsquo;un pass remis \u00e0 votre arriv\u00e9e<\/em>).<\/p>\n<!-- \/divi:paragraph -->\n\n<!-- divi:table -->\n<figure class=\"wp-block-table\"><table><tbody><tr><td><img data-recalc-dims=\"1\" height=\"683\" width=\"1024\" decoding=\"async\" src=\"https:\/\/i0.wp.com\/herbebleue.com\/wp-content\/uploads\/2023\/02\/2526471.jpg?resize=1024%2C683&#038;ssl=1\" alt=\"\"><\/td><td><img data-recalc-dims=\"1\" height=\"683\" width=\"1024\" decoding=\"async\" src=\"https:\/\/i0.wp.com\/herbebleue.com\/wp-content\/uploads\/2023\/02\/2526489.jpg?resize=1024%2C683&#038;ssl=1\" alt=\"\"><\/td><\/tr><\/tbody><\/table><\/figure>\n<!-- \/divi:table -->\n\n<!-- divi:paragraph {\"dropCap\":true} -->\n<p class=\"has-drop-cap\">Souhaitez-vous participer au festival les jours suivants ou pr\u00e9c\u00e9dents ? <strong>Herbe Bleue<\/strong>&nbsp; propose dortoir <em>(pour un prix mini &#8211; draps non-fournis<\/em>) ou camping (<em>gratuit<\/em>) : Amenez votre mat\u00e9riel ou votre van ! Des g\u00eetes sont \u00e9galement dispos aux alentours mais r\u00e9servez vite ! Plus de d\u00e9tails aupr\u00e8s de <a rel=\"noreferrer noopener\" href=\"mailto:mariecatherine.georgelin@gmail.com\" target=\"_blank\">Marie-Cat<\/a><\/p>\n<!-- \/divi:paragraph -->\n\n<!-- divi:paragraph {\"align\":\"left\",\"dropCap\":true} -->\n<p class=\"has-drop-cap has-text-align-left\">Merci de nous envoyer par <a href=\"mailto:contact@herbebleue.com\">e-mail<\/a> quelques fichiers de <strong>communication<\/strong> sur vous : photos, textes &#8230;<\/p>\n<!-- \/divi:paragraph -->\n\n<!-- divi:paragraph {\"align\":\"left\",\"dropCap\":true} -->\n<p class=\"has-drop-cap has-text-align-left\"> <\/p>\n<!-- \/divi:paragraph -->\n\n<!-- divi:paragraph {\"dropCap\":true} -->\n<p class=\"has-drop-cap\">Les <strong>b\u00e9n\u00e9voles<\/strong> seront \u00e9galement h\u00e9berg\u00e9s pour la dur\u00e9e de leur s\u00e9jour. <em>(S&rsquo;il vous est possible de venir avec vos tentes, duvets ou draps etc.. welcome !)<\/em>.<\/p>\n<!-- \/divi:paragraph -->\n\n<!-- divi:paragraph {\"dropCap\":true} -->\n<p class=\"has-drop-cap\">Encore quelques minutes pour tout boucler en remplissant ce formulaire (<strong>imp\u00e9ratif<\/strong> \ud83d\ude09<\/p>\n<!-- \/divi:paragraph -->\n\n<!-- divi:image {\"align\":\"center\",\"id\":1092,\"width\":111,\"height\":68,\"sizeSlug\":\"large\",\"linkDestination\":\"none\"} -->\n<figure class=\"wp-block-image aligncenter size-large is-resized\"><img data-recalc-dims=\"1\" loading=\"lazy\" decoding=\"async\" src=\"https:\/\/i0.wp.com\/herbebleue.com\/wp-content\/uploads\/2022\/03\/logo_hb22-e1649282896152.jpg?resize=111%2C68&#038;ssl=1\" alt=\"\" class=\"wp-image-1092\" width=\"111\" height=\"68\"\/><\/figure>\n<!-- \/divi:image -->\n\n<!-- divi:html -->\n<iframe loading=\"lazy\" src=\"https:\/\/docs.google.com\/forms\/d\/e\/1FAIpQLSdN14f6ZqAn4ZHOkpnzJzPsiqRGqrkJX1Yj94Ay_SmX6tRhcg\/viewform?embedded=true\" width=\"640\" height=\"3116\" frameborder=\"0\" marginheight=\"0\" marginwidth=\"0\">Chargement\u2026<\/iframe>\n<!-- \/divi:html --><\/div>\n<!-- \/divi:jetpack\/layout-grid-column --><\/div>\n<!-- \/divi:jetpack\/layout-grid -->[\/et_pb_text][\/et_pb_column]\n\t\t\t[\/et_pb_row]\n\t\t[\/et_pb_section]\n","protected":false},"excerpt":{"rendered":"<p>Herbe Bleue est heureux de vous accueillir cet \u00e9t\u00e9 et se plie en 4 pour r\u00e9pondre au mieux \u00e0 vos besoins, vos envies &#8230; On a besoin de vous conna\u00eetre pour vos DUE, conventions, pour la DRAC, SACEM et autres, donc merci de remplir le questionnaire ci-dessous au plus t\u00f4t \ud83d\ude09 . Pour venir \u00e0 [&hellip;]<\/p>\n","protected":false},"author":2239144,"featured_media":25834759,"parent":1515,"menu_order":0,"comment_status":"closed","ping_status":"closed","template":"","meta":{"_acf_changed":false,"_et_pb_use_builder":"on","_et_pb_old_content":"<!-- wp:buttons {\"layout\":{\"type\":\"flex\",\"justifyContent\":\"center\"}} -->\n<div class=\"wp-block-buttons\"><!-- wp:button \/--><\/div>\n<!-- \/wp:buttons -->\n\n<!-- wp:jetpack\/layout-grid {\"column1DesktopSpan\":12,\"column1TabletSpan\":8,\"column1MobileSpan\":4,\"className\":\"column1-desktop-grid__span-12 column1-desktop-grid__row-1 column1-tablet-grid__span-8 column1-tablet-grid__row-1 column1-mobile-grid__span-4 column1-mobile-grid__row-1\"} -->\n<div class=\"wp-block-jetpack-layout-grid column1-desktop-grid__span-12 column1-desktop-grid__row-1 column1-tablet-grid__span-8 column1-tablet-grid__row-1 column1-mobile-grid__span-4 column1-mobile-grid__row-1\"><!-- wp:jetpack\/layout-grid-column -->\n<div class=\"wp-block-jetpack-layout-grid-column wp-block-jetpack-layout-grid__padding-none\"><!-- wp:paragraph {\"dropCap\":true} -->\n<p class=\"has-drop-cap\"><strong>Herbe Bleue<\/strong> est heureux de vous accueillir cet \u00e9t\u00e9 et se plie en 4 pour r\u00e9pondre au mieux \u00e0 vos besoins, vos envies ... On a besoin de vous conna\u00eetre pour vos DUE, conventions, pour la DRAC, SACEM et autres, donc merci de remplir le questionnaire ci-dessous au plus t\u00f4t ;-) .<\/p>\n<!-- \/wp:paragraph -->\n\n<!-- wp:paragraph {\"dropCap\":true} -->\n<p class=\"has-drop-cap\">Pour venir \u00e0 la Cour du Li\u00e8ge, lieu historique de <strong>Herbe Bleue<\/strong>, <a rel=\"noreferrer noopener\" href=\"https:\/\/herbebleue.com\/ou\/acces\/\" target=\"_blank\">suivez-le guide<\/a> et pour visiter les parages ou aller faire des courses, quelques infos <a rel=\"noreferrer noopener\" href=\"https:\/\/lacourduliege.com\/ballades\/\" target=\"_blank\">ici<\/a><\/p>\n<!-- \/wp:paragraph -->\n\n<!-- wp:table -->\n<figure class=\"wp-block-table\"><table><tbody><tr><td><img src=\"https:\/\/herbebleue.com\/wp-content\/uploads\/2023\/02\/2397023-1024x767.jpg\" alt=\"\"><\/td><td><img src=\"https:\/\/herbebleue.com\/wp-content\/uploads\/2023\/02\/AdobeStock_298027786-1024x684.jpeg\" alt=\"\"><\/td><\/tr><\/tbody><\/table><\/figure>\n<!-- \/wp:table -->\n\n<!-- wp:paragraph {\"dropCap\":true} -->\n<p class=\"has-drop-cap\">Les groupes devront nous transmettre leur <strong>fiche technique<\/strong> et leur <strong>playlist<\/strong> (titre, nom de l'auteur, reprise, cr\u00e9ation originale ....)  AVANT leur arriv\u00e9e, par <a href=\"programmation@herbebleue.com\">e-mail ici<\/a><\/p>\n<!-- \/wp:paragraph -->\n\n<!-- wp:table -->\n<figure class=\"wp-block-table\"><table><tbody><tr><td><img src=\"https:\/\/herbebleue.com\/wp-content\/uploads\/2023\/02\/2526099-1024x683.jpg\" alt=\"\"><\/td><td><img src=\"https:\/\/herbebleue.com\/wp-content\/uploads\/2023\/02\/2526048-1024x683.jpg\" alt=\"\"><\/td><\/tr><\/tbody><\/table><\/figure>\n<!-- \/wp:table -->\n\n<!-- wp:paragraph {\"dropCap\":true} -->\n<p class=\"has-drop-cap\">Les <strong>musiciens et intervenants<\/strong> sont log\u00e9s-nourris sur place le jour de leur concert \/ atelier.  Un espace catering vous sera r\u00e9serv\u00e9 (<em>sur pr\u00e9sentation d'un pass remis \u00e0 votre arriv\u00e9e<\/em>).<\/p>\n<!-- \/wp:paragraph -->\n\n<!-- wp:table -->\n<figure class=\"wp-block-table\"><table><tbody><tr><td><img src=\"https:\/\/herbebleue.com\/wp-content\/uploads\/2023\/02\/2526471-1024x683.jpg\" alt=\"\"><\/td><td><img src=\"https:\/\/herbebleue.com\/wp-content\/uploads\/2023\/02\/2526489-1024x683.jpg\" alt=\"\"><\/td><\/tr><\/tbody><\/table><\/figure>\n<!-- \/wp:table -->\n\n<!-- wp:paragraph {\"dropCap\":true} -->\n<p class=\"has-drop-cap\">Souhaitez-vous participer au festival les jours suivants ou pr\u00e9c\u00e9dents ? <strong>Herbe Bleue<\/strong>&nbsp; propose dortoir <em>(pour un prix mini - draps non-fournis<\/em>) ou camping (<em>gratuit<\/em>) : Amenez votre mat\u00e9riel ou votre van ! Des g\u00eetes sont \u00e9galement dispos aux alentours mais r\u00e9servez vite ! Plus de d\u00e9tails aupr\u00e8s de <a rel=\"noreferrer noopener\" href=\"mailto:mariecatherine.georgelin@gmail.com\" target=\"_blank\">Marie-Cat<\/a><\/p>\n<!-- \/wp:paragraph -->\n\n<!-- wp:paragraph {\"align\":\"left\",\"dropCap\":true} -->\n<p class=\"has-drop-cap has-text-align-left\">Merci de nous envoyer par <a href=\"mailto:contact@herbebleue.com\">e-mail<\/a> quelques fichiers de <strong>communication<\/strong> sur vous : photos, textes ...<\/p>\n<!-- \/wp:paragraph -->\n\n<!-- wp:paragraph {\"align\":\"left\",\"dropCap\":true} -->\n<p class=\"has-drop-cap has-text-align-left\"> <\/p>\n<!-- \/wp:paragraph -->\n\n<!-- wp:paragraph {\"dropCap\":true} -->\n<p class=\"has-drop-cap\">Les <strong>b\u00e9n\u00e9voles<\/strong> seront \u00e9galement h\u00e9berg\u00e9s pour la dur\u00e9e de leur s\u00e9jour. <em>(S'il vous est possible de venir avec vos tentes, duvets ou draps etc.. welcome !)<\/em>.<\/p>\n<!-- \/wp:paragraph -->\n\n<!-- wp:paragraph {\"dropCap\":true} -->\n<p class=\"has-drop-cap\">Encore quelques minutes pour tout boucler en remplissant ce formulaire (<strong>imp\u00e9ratif<\/strong> ;-)<\/p>\n<!-- \/wp:paragraph -->\n\n<!-- wp:image {\"align\":\"center\",\"id\":1092,\"width\":111,\"height\":68,\"sizeSlug\":\"large\",\"linkDestination\":\"none\"} -->\n<figure class=\"wp-block-image aligncenter size-large is-resized\"><img src=\"https:\/\/herbebleue.com\/wp-content\/uploads\/2022\/03\/logo_hb22-e1649282896152.jpg?w=668\" alt=\"\" class=\"wp-image-1092\" width=\"111\" height=\"68\"\/><\/figure>\n<!-- \/wp:image -->\n\n<!-- wp:html -->\n<iframe src=\"https:\/\/docs.google.com\/forms\/d\/e\/1FAIpQLSdN14f6ZqAn4ZHOkpnzJzPsiqRGqrkJX1Yj94Ay_SmX6tRhcg\/viewform?embedded=true\" width=\"640\" height=\"3116\" frameborder=\"0\" marginheight=\"0\" marginwidth=\"0\">Chargement\u2026<\/iframe>\n<!-- \/wp:html --><\/div>\n<!-- \/wp:jetpack\/layout-grid-column --><\/div>\n<!-- \/wp:jetpack\/layout-grid -->","_et_gb_content_width":"","footnotes":""},"dipi_cpt_category":[],"class_list":["post-1490","page","type-page","status-publish","has-post-thumbnail","hentry"],"acf":[],"yoast_head":"<!-- This site is optimized with the Yoast SEO plugin v27.3 - https:\/\/yoast.com\/product\/yoast-seo-wordpress\/ -->\n<title>Quelques infos ... - Festival Herbe Bleue Presse<\/title>\n<meta name=\"robots\" content=\"index, follow, max-snippet:-1, max-image-preview:large, max-video-preview:-1\" \/>\n<link rel=\"canonical\" href=\"https:\/\/herbebleue.com\/en\/admin25\/infos_participants2023\/\" \/>\n<meta property=\"og:locale\" content=\"en_US\" \/>\n<meta property=\"og:type\" content=\"article\" \/>\n<meta property=\"og:title\" content=\"Quelques infos ... - Festival Herbe Bleue Presse\" \/>\n<meta property=\"og:description\" content=\"Herbe Bleue est heureux de vous accueillir cet \u00e9t\u00e9 et se plie en 4 pour r\u00e9pondre au mieux \u00e0 vos besoins, vos envies ... On a besoin de vous conna\u00eetre pour vos DUE, conventions, pour la DRAC, SACEM et autres, donc merci de remplir le questionnaire ci-dessous au plus t\u00f4t ;-) . Pour venir \u00e0 [&hellip;]\" \/>\n<meta property=\"og:url\" content=\"https:\/\/herbebleue.com\/en\/admin25\/infos_participants2023\/\" \/>\n<meta property=\"og:site_name\" content=\"Festival Herbe Bleue Presse\" \/>\n<meta property=\"article:publisher\" content=\"https:\/\/www.facebook.com\/HerbeBleueFestival\" \/>\n<meta property=\"article:modified_time\" content=\"2025-02-11T22:33:38+00:00\" \/>\n<meta property=\"og:image\" content=\"https:\/\/i0.wp.com\/herbebleue.com\/wp-content\/uploads\/2025\/01\/2025.jpg?fit=1080%2C1080&ssl=1\" \/>\n\t<meta property=\"og:image:width\" content=\"1080\" \/>\n\t<meta property=\"og:image:height\" content=\"1080\" \/>\n\t<meta property=\"og:image:type\" content=\"image\/jpeg\" \/>\n<meta name=\"twitter:card\" content=\"summary_large_image\" \/>\n<meta name=\"twitter:label1\" content=\"Est. reading time\" \/>\n\t<meta name=\"twitter:data1\" content=\"1 minute\" \/>\n<!-- \/ Yoast SEO plugin. -->","yoast_head_json":{"title":"Quelques infos ... - Festival Herbe Bleue Presse","robots":{"index":"index","follow":"follow","max-snippet":"max-snippet:-1","max-image-preview":"max-image-preview:large","max-video-preview":"max-video-preview:-1"},"canonical":"https:\/\/herbebleue.com\/en\/admin25\/infos_participants2023\/","og_locale":"en_US","og_type":"article","og_title":"Quelques infos ... - Festival Herbe Bleue Presse","og_description":"Herbe Bleue est heureux de vous accueillir cet \u00e9t\u00e9 et se plie en 4 pour r\u00e9pondre au mieux \u00e0 vos besoins, vos envies ... On a besoin de vous conna\u00eetre pour vos DUE, conventions, pour la DRAC, SACEM et autres, donc merci de remplir le questionnaire ci-dessous au plus t\u00f4t ;-) . Pour venir \u00e0 [&hellip;]","og_url":"https:\/\/herbebleue.com\/en\/admin25\/infos_participants2023\/","og_site_name":"Festival Herbe Bleue Presse","article_publisher":"https:\/\/www.facebook.com\/HerbeBleueFestival","article_modified_time":"2025-02-11T22:33:38+00:00","og_image":[{"width":1080,"height":1080,"url":"https:\/\/i0.wp.com\/herbebleue.com\/wp-content\/uploads\/2025\/01\/2025.jpg?fit=1080%2C1080&ssl=1","type":"image\/jpeg"}],"twitter_card":"summary_large_image","twitter_misc":{"Est. reading time":"1 minute"},"schema":{"@context":"https:\/\/schema.org","@graph":[{"@type":"WebPage","@id":"https:\/\/herbebleue.com\/admin25\/infos_participants2023\/","url":"https:\/\/herbebleue.com\/admin25\/infos_participants2023\/","name":"Quelques infos ... - Festival Herbe Bleue Presse","isPartOf":{"@id":"https:\/\/herbebleue.com\/#website"},"primaryImageOfPage":{"@id":"https:\/\/herbebleue.com\/admin25\/infos_participants2023\/#primaryimage"},"image":{"@id":"https:\/\/herbebleue.com\/admin25\/infos_participants2023\/#primaryimage"},"thumbnailUrl":"https:\/\/i0.wp.com\/herbebleue.com\/wp-content\/uploads\/2025\/01\/2025.jpg?fit=1080%2C1080&ssl=1","datePublished":"2022-04-22T03:18:24+00:00","dateModified":"2025-02-11T22:33:38+00:00","breadcrumb":{"@id":"https:\/\/herbebleue.com\/admin25\/infos_participants2023\/#breadcrumb"},"inLanguage":"en-US","potentialAction":[{"@type":"ReadAction","target":["https:\/\/herbebleue.com\/admin25\/infos_participants2023\/"]}]},{"@type":"ImageObject","inLanguage":"en-US","@id":"https:\/\/herbebleue.com\/admin25\/infos_participants2023\/#primaryimage","url":"https:\/\/i0.wp.com\/herbebleue.com\/wp-content\/uploads\/2025\/01\/2025.jpg?fit=1080%2C1080&ssl=1","contentUrl":"https:\/\/i0.wp.com\/herbebleue.com\/wp-content\/uploads\/2025\/01\/2025.jpg?fit=1080%2C1080&ssl=1","width":1080,"height":1080,"caption":"Festival Herbe Bleue 2025"},{"@type":"BreadcrumbList","@id":"https:\/\/herbebleue.com\/admin25\/infos_participants2023\/#breadcrumb","itemListElement":[{"@type":"ListItem","position":1,"name":"Accueil","item":"https:\/\/herbebleue.com\/"},{"@type":"ListItem","position":2,"name":"Admin","item":"https:\/\/herbebleue.com\/admin25\/"},{"@type":"ListItem","position":3,"name":"Quelques infos &#8230;"}]},{"@type":"WebSite","@id":"https:\/\/herbebleue.com\/#website","url":"https:\/\/herbebleue.com\/","name":"Herbe Bleue Festival - Old Time, Bluegrass &amp; Cajun music concerts","description":"","publisher":{"@id":"https:\/\/herbebleue.com\/#organization"},"potentialAction":[{"@type":"SearchAction","target":{"@type":"EntryPoint","urlTemplate":"https:\/\/herbebleue.com\/?s={search_term_string}"},"query-input":{"@type":"PropertyValueSpecification","valueRequired":true,"valueName":"search_term_string"}}],"inLanguage":"en-US"},{"@type":"Organization","@id":"https:\/\/herbebleue.com\/#organization","name":"Herbe Bleue Festival","url":"https:\/\/herbebleue.com\/","logo":{"@type":"ImageObject","inLanguage":"en-US","@id":"https:\/\/herbebleue.com\/#\/schema\/logo\/image\/","url":"https:\/\/herbebleue.com\/wp-content\/uploads\/2025\/01\/site-web-2048x960-1-1024x480.jpg","contentUrl":"https:\/\/herbebleue.com\/wp-content\/uploads\/2025\/01\/site-web-2048x960-1-1024x480.jpg","width":1024,"height":480,"caption":"Festival Herbe Bleue"},"image":{"@id":"https:\/\/herbebleue.com\/#\/schema\/logo\/image\/"},"sameAs":["https:\/\/www.facebook.com\/HerbeBleueFestival","https:\/\/www.instagram.com\/herbebleuefestival\/","https:\/\/www.youtube.com\/channel\/UC10HHpkv8SjJ3fWZvvWpUhg","https:\/\/www.tiktok.com\/@herbebleuefestival"]}]}},"jetpack_shortlink":"https:\/\/wp.me\/PaXTvu-o2","_links":{"self":[{"href":"https:\/\/herbebleue.com\/en\/wp-json\/wp\/v2\/pages\/1490","targetHints":{"allow":["GET"]}}],"collection":[{"href":"https:\/\/herbebleue.com\/en\/wp-json\/wp\/v2\/pages"}],"about":[{"href":"https:\/\/herbebleue.com\/en\/wp-json\/wp\/v2\/types\/page"}],"author":[{"embeddable":true,"href":"https:\/\/herbebleue.com\/en\/wp-json\/wp\/v2\/users\/2239144"}],"replies":[{"embeddable":true,"href":"https:\/\/herbebleue.com\/en\/wp-json\/wp\/v2\/comments?post=1490"}],"version-history":[{"count":67,"href":"https:\/\/herbebleue.com\/en\/wp-json\/wp\/v2\/pages\/1490\/revisions"}],"predecessor-version":[{"id":25834781,"href":"https:\/\/herbebleue.com\/en\/wp-json\/wp\/v2\/pages\/1490\/revisions\/25834781"}],"up":[{"embeddable":true,"href":"https:\/\/herbebleue.com\/en\/wp-json\/wp\/v2\/pages\/1515"}],"wp:featuredmedia":[{"embeddable":true,"href":"https:\/\/herbebleue.com\/en\/wp-json\/wp\/v2\/media\/25834759"}],"wp:attachment":[{"href":"https:\/\/herbebleue.com\/en\/wp-json\/wp\/v2\/media?parent=1490"}],"wp:term":[{"taxonomy":"dipi_cpt_category","embeddable":true,"href":"https:\/\/herbebleue.com\/en\/wp-json\/wp\/v2\/dipi_cpt_category?post=1490"}],"curies":[{"name":"wp","href":"https:\/\/api.w.org\/{rel}","templated":true}]}}